{"id":1691,"date":"2026-04-28T02:13:19","date_gmt":"2026-04-28T02:13:19","guid":{"rendered":"https:\/\/www.jumparati.com\/?post_type=product&#038;p=1691"},"modified":"2026-04-28T02:13:19","modified_gmt":"2026-04-28T02:13:19","slug":"primer-hidratante","status":"publish","type":"product","link":"https:\/\/www.jumparati.com\/index.php\/producto\/primer-hidratante\/","title":{"rendered":"Primer Hidratante"},"content":{"rendered":"<div id=\"product-description\" data-astro-cid-hyvzkcdj=\"\">\n<p>Prepara y acondiciona tu piel con el primer hidratante. Cierra los poros y disminuye las l\u00edneas de expresi\u00f3n de tu piel, haciendo que tu maquillaje luzca perfecto. Su textura suave y su f\u00f3rmula hidratante lo hacen ideal para pieles de mixtas a secas.<\/p>\n<p><strong>Caracter\u00edsticas<\/strong>: Hidrata profundamente tu piel, si no que tambi\u00e9n crea una base suave y uniforme para tu maquillaje, haciendo que perdure por m\u00e1s tiempo.<\/p>\n<p><strong>Ingredientes<\/strong>: CYCLOPENTASILOXANEDIMETHICONE\/VINYL DIMETHICONE CROSSPOLYMER, CYCLOPENTASILOXANE DIMETHICONOL, CYCLOPENTASILOXANE, DIMETHICONE, CAPRYLIC\/CAPRIC TRIGLYCERIDE, TOCOPHEROL, SIMMONDSIA CHINENSIS SEED OIL, VITIS VINFERA SEED OIL.<\/p>\n<\/div>\n<div class=\"metadata\" data-astro-cid-hyvzkcdj=\"\">\n<div class=\"quote self-love\" data-astro-cid-hyvzkcdj=\"\">\n<p data-astro-cid-hyvzkcdj=\"\">Hidrata la piel y contiene vitamina E.<\/p>\n<\/div>\n<div class=\"quote usage\" data-astro-cid-hyvzkcdj=\"\">\n<h4 data-astro-cid-hyvzkcdj=\"\">Uso<\/h4>\n<p data-astro-cid-hyvzkcdj=\"\">Una vez se tenga la rutina de skin care, se toma de poco de producto con la yema de los dedos, posicionando en la zona T del rostro y llev\u00e1ndolo de forma uniforme en todo el rostro<\/p>\n<\/div>\n<\/div>\n","protected":false},"excerpt":{"rendered":"<p>Prepara y acondiciona tu piel con el primer hidratante. Cierra los poros y disminuye las l\u00edneas de expresi\u00f3n de tu piel, haciendo que tu maquillaje luzca perfecto. Su textura suave y su f\u00f3rmula hidratante lo hacen ideal para pieles de mixtas a secas. Caracter\u00edsticas: Hidrata profundamente tu piel, si no que tambi\u00e9n crea una base [&hellip;]<\/p>\n","protected":false},"featured_media":1692,"comment_status":"open","ping_status":"closed","template":"","meta":[],"product_brand":[67],"product_cat":[50],"product_tag":[],"class_list":{"0":"post-1691","1":"product","2":"type-product","3":"status-publish","4":"has-post-thumbnail","6":"product_brand-dolce-bella","7":"product_cat-primer","9":"first","10":"instock","11":"shipping-taxable","12":"product-type-simple"},"_links":{"self":[{"href":"https:\/\/www.jumparati.com\/index.php\/wp-json\/wp\/v2\/product\/1691","targetHints":{"allow":["GET"]}}],"collection":[{"href":"https:\/\/www.jumparati.com\/index.php\/wp-json\/wp\/v2\/product"}],"about":[{"href":"https:\/\/www.jumparati.com\/index.php\/wp-json\/wp\/v2\/types\/product"}],"replies":[{"embeddable":true,"href":"https:\/\/www.jumparati.com\/index.php\/wp-json\/wp\/v2\/comments?post=1691"}],"wp:featuredmedia":[{"embeddable":true,"href":"https:\/\/www.jumparati.com\/index.php\/wp-json\/wp\/v2\/media\/1692"}],"wp:attachment":[{"href":"https:\/\/www.jumparati.com\/index.php\/wp-json\/wp\/v2\/media?parent=1691"}],"wp:term":[{"taxonomy":"product_brand","embeddable":true,"href":"https:\/\/www.jumparati.com\/index.php\/wp-json\/wp\/v2\/product_brand?post=1691"},{"taxonomy":"product_cat","embeddable":true,"href":"https:\/\/www.jumparati.com\/index.php\/wp-json\/wp\/v2\/product_cat?post=1691"},{"taxonomy":"product_tag","embeddable":true,"href":"https:\/\/www.jumparati.com\/index.php\/wp-json\/wp\/v2\/product_tag?post=1691"}],"curies":[{"name":"wp","href":"https:\/\/api.w.org\/{rel}","templated":true}]}}