{"id":1636,"date":"2026-04-27T02:38:55","date_gmt":"2026-04-27T02:38:55","guid":{"rendered":"https:\/\/www.jumparati.com\/?post_type=product&#038;p=1636"},"modified":"2026-04-27T02:38:55","modified_gmt":"2026-04-27T02:38:55","slug":"rubor-en-barra-dolce-bella","status":"publish","type":"product","link":"https:\/\/www.jumparati.com\/index.php\/producto\/rubor-en-barra-dolce-bella\/","title":{"rendered":"Rubor en Barra Dolce Bella"},"content":{"rendered":"<div id=\"product-description\" data-astro-cid-hyvzkcdj=\"\">\n<p>Un toque de color instant\u00e1neo y natural para tus mejillas. Su f\u00f3rmula cremosa contiene aceite de jojoba, vitamina c y manteca de karit\u00e9 es f\u00e1cil de difuminar permitiendo un acabado radiante en segundos.<\/p>\n<p>Perfecto para llevar en tu bolso y aplicar en cualquier momento del d\u00eda.<\/p>\n<\/div>\n<div class=\"metadata\" data-astro-cid-hyvzkcdj=\"\">\n<div class=\"quote self-love\" data-astro-cid-hyvzkcdj=\"\">\n<p data-astro-cid-hyvzkcdj=\"\">Brinda un acabado natural.<\/p>\n<\/div>\n<div class=\"quote usage\" data-astro-cid-hyvzkcdj=\"\">\n<h4 data-astro-cid-hyvzkcdj=\"\">Uso<\/h4>\n<p data-astro-cid-hyvzkcdj=\"\">Aplicar suavemente sobre el rostro con brocha en forma circular aportando un toque de color a tus mejillas.<\/p>\n<\/div>\n<\/div>\n","protected":false},"excerpt":{"rendered":"<p>Un toque de color instant\u00e1neo y natural para tus mejillas. Su f\u00f3rmula cremosa contiene aceite de jojoba, vitamina c y manteca de karit\u00e9 es f\u00e1cil de difuminar permitiendo un acabado radiante en segundos. Perfecto para llevar en tu bolso y aplicar en cualquier momento del d\u00eda. Brinda un acabado natural. Uso Aplicar suavemente sobre el [&hellip;]<\/p>\n","protected":false},"featured_media":1640,"comment_status":"open","ping_status":"closed","template":"","meta":[],"product_brand":[],"product_cat":[43],"product_tag":[],"class_list":{"0":"post-1636","1":"product","2":"type-product","3":"status-publish","4":"has-post-thumbnail","6":"product_cat-productos","8":"first","9":"instock","10":"shipping-taxable","11":"product-type-simple"},"_links":{"self":[{"href":"https:\/\/www.jumparati.com\/index.php\/wp-json\/wp\/v2\/product\/1636","targetHints":{"allow":["GET"]}}],"collection":[{"href":"https:\/\/www.jumparati.com\/index.php\/wp-json\/wp\/v2\/product"}],"about":[{"href":"https:\/\/www.jumparati.com\/index.php\/wp-json\/wp\/v2\/types\/product"}],"replies":[{"embeddable":true,"href":"https:\/\/www.jumparati.com\/index.php\/wp-json\/wp\/v2\/comments?post=1636"}],"wp:featuredmedia":[{"embeddable":true,"href":"https:\/\/www.jumparati.com\/index.php\/wp-json\/wp\/v2\/media\/1640"}],"wp:attachment":[{"href":"https:\/\/www.jumparati.com\/index.php\/wp-json\/wp\/v2\/media?parent=1636"}],"wp:term":[{"taxonomy":"product_brand","embeddable":true,"href":"https:\/\/www.jumparati.com\/index.php\/wp-json\/wp\/v2\/product_brand?post=1636"},{"taxonomy":"product_cat","embeddable":true,"href":"https:\/\/www.jumparati.com\/index.php\/wp-json\/wp\/v2\/product_cat?post=1636"},{"taxonomy":"product_tag","embeddable":true,"href":"https:\/\/www.jumparati.com\/index.php\/wp-json\/wp\/v2\/product_tag?post=1636"}],"curies":[{"name":"wp","href":"https:\/\/api.w.org\/{rel}","templated":true}]}}