{"id":1609,"date":"2026-04-26T20:14:12","date_gmt":"2026-04-26T20:14:12","guid":{"rendered":"https:\/\/www.jumparati.com\/?post_type=product&#038;p=1609"},"modified":"2026-04-26T20:22:06","modified_gmt":"2026-04-26T20:22:06","slug":"base-tinta-luminosa-de-dolce-bella","status":"publish","type":"product","link":"https:\/\/www.jumparati.com\/index.php\/producto\/base-tinta-luminosa-de-dolce-bella\/","title":{"rendered":"Base Tinta Luminosa de Dolce Bella"},"content":{"rendered":"<div id=\"product-description\" data-astro-cid-hyvzkcdj=\"\">\n<p>La Base Tinta Luminosa de Dolce Bella, es una tinta para la piel multifuncional, con f\u00f3rmula liviana que se mezcla perfectamente con la piel mejorando visiblemente el aspecto, el tono e hidrataci\u00f3n de la piel, d\u00e1ndole un acabado fresco y luminoso.<\/p>\n<p><strong>Contiene:<\/strong>\u00a0Provitamina b5, \u00e1cido hialur\u00f3nico, aceite de arg\u00e1n, aceite de jojoba, dimeticona.<\/p>\n<\/div>\n<div class=\"metadata\" data-astro-cid-hyvzkcdj=\"\">\n<div class=\"quote self-love\" data-astro-cid-hyvzkcdj=\"\">\n<p data-astro-cid-hyvzkcdj=\"\">Hidrata, unifica el tono y deja un glow natural sin esfuerzo.<\/p>\n<\/div>\n<div class=\"quote usage\" data-astro-cid-hyvzkcdj=\"\">\n<h4 data-astro-cid-hyvzkcdj=\"\"><strong>U<\/strong>so<\/h4>\n<p data-astro-cid-hyvzkcdj=\"\">Para un acabado suave y uniforme, usa una brocha kabuki, pero si prefieres un acabado m\u00e1s natural usa una Beauty Blender h\u00fameda.<\/p>\n<\/div>\n<\/div>\n","protected":false},"excerpt":{"rendered":"<p>La Base Tinta Luminosa de Dolce Bella, es una tinta para la piel multifuncional, con f\u00f3rmula liviana que se mezcla perfectamente con la piel mejorando visiblemente el aspecto, el tono e hidrataci\u00f3n de la piel, d\u00e1ndole un acabado fresco y luminoso. Contiene:\u00a0Provitamina b5, \u00e1cido hialur\u00f3nico, aceite de arg\u00e1n, aceite de jojoba, dimeticona. Hidrata, unifica el [&hellip;]<\/p>\n","protected":false},"featured_media":1613,"comment_status":"open","ping_status":"closed","template":"","meta":[],"product_brand":[67],"product_cat":[47],"product_tag":[53,55,61],"class_list":{"0":"post-1609","1":"product","2":"type-product","3":"status-publish","4":"has-post-thumbnail","6":"product_brand-dolce-bella","7":"product_cat-bases-maquillaje","8":"product_tag-base","9":"product_tag-dolce-bella","10":"product_tag-rostro","12":"first","13":"instock","14":"shipping-taxable","15":"product-type-simple"},"_links":{"self":[{"href":"https:\/\/www.jumparati.com\/index.php\/wp-json\/wp\/v2\/product\/1609","targetHints":{"allow":["GET"]}}],"collection":[{"href":"https:\/\/www.jumparati.com\/index.php\/wp-json\/wp\/v2\/product"}],"about":[{"href":"https:\/\/www.jumparati.com\/index.php\/wp-json\/wp\/v2\/types\/product"}],"replies":[{"embeddable":true,"href":"https:\/\/www.jumparati.com\/index.php\/wp-json\/wp\/v2\/comments?post=1609"}],"wp:featuredmedia":[{"embeddable":true,"href":"https:\/\/www.jumparati.com\/index.php\/wp-json\/wp\/v2\/media\/1613"}],"wp:attachment":[{"href":"https:\/\/www.jumparati.com\/index.php\/wp-json\/wp\/v2\/media?parent=1609"}],"wp:term":[{"taxonomy":"product_brand","embeddable":true,"href":"https:\/\/www.jumparati.com\/index.php\/wp-json\/wp\/v2\/product_brand?post=1609"},{"taxonomy":"product_cat","embeddable":true,"href":"https:\/\/www.jumparati.com\/index.php\/wp-json\/wp\/v2\/product_cat?post=1609"},{"taxonomy":"product_tag","embeddable":true,"href":"https:\/\/www.jumparati.com\/index.php\/wp-json\/wp\/v2\/product_tag?post=1609"}],"curies":[{"name":"wp","href":"https:\/\/api.w.org\/{rel}","templated":true}]}}