{"id":1250,"date":"2024-08-09T18:38:44","date_gmt":"2024-08-09T18:38:44","guid":{"rendered":"https:\/\/www.jumparati.com\/?post_type=product&#038;p=1250"},"modified":"2026-04-26T21:49:45","modified_gmt":"2026-04-26T21:49:45","slug":"paleta-de-base-cremosa","status":"publish","type":"product","link":"https:\/\/www.jumparati.com\/index.php\/producto\/paleta-de-base-cremosa\/","title":{"rendered":"Paleta de Base Cremosa Dolce Bella"},"content":{"rendered":"<p>La paleta de base cremosa de DOLCE BELLA<\/p>\n<p>Elaborada con ingredientes que protegen la piel y te brindan una sensaci\u00f3n agradable. Tiene gran cobertura, y son f\u00e1ciles de expandir.<\/p>\n","protected":false},"excerpt":{"rendered":"<p>La paleta de base cremosa de DOLCE BELLA, est\u00e1 elaborada con ingredientes que protegen la piel y te brindan una sensaci\u00f3n agradable. Tiene gran cobertura, y son f\u00e1ciles de expandir.<\/p>\n","protected":false},"featured_media":1271,"comment_status":"open","ping_status":"closed","template":"","meta":[],"product_brand":[67],"product_cat":[47],"product_tag":[59,53,55,56,57,58,64,61],"class_list":{"0":"post-1250","1":"product","2":"type-product","3":"status-publish","4":"has-post-thumbnail","6":"product_brand-dolce-bella","7":"product_cat-bases-maquillaje","8":"product_tag-alta-cobertura","9":"product_tag-base","10":"product_tag-dolce-bella","11":"product_tag-jum-para-ti","12":"product_tag-makeup","13":"product_tag-maquillaje","14":"product_tag-paleta-de-bases","15":"product_tag-rostro","17":"first","18":"outofstock","19":"shipping-taxable","20":"product-type-simple"},"_links":{"self":[{"href":"https:\/\/www.jumparati.com\/index.php\/wp-json\/wp\/v2\/product\/1250","targetHints":{"allow":["GET"]}}],"collection":[{"href":"https:\/\/www.jumparati.com\/index.php\/wp-json\/wp\/v2\/product"}],"about":[{"href":"https:\/\/www.jumparati.com\/index.php\/wp-json\/wp\/v2\/types\/product"}],"replies":[{"embeddable":true,"href":"https:\/\/www.jumparati.com\/index.php\/wp-json\/wp\/v2\/comments?post=1250"}],"wp:featuredmedia":[{"embeddable":true,"href":"https:\/\/www.jumparati.com\/index.php\/wp-json\/wp\/v2\/media\/1271"}],"wp:attachment":[{"href":"https:\/\/www.jumparati.com\/index.php\/wp-json\/wp\/v2\/media?parent=1250"}],"wp:term":[{"taxonomy":"product_brand","embeddable":true,"href":"https:\/\/www.jumparati.com\/index.php\/wp-json\/wp\/v2\/product_brand?post=1250"},{"taxonomy":"product_cat","embeddable":true,"href":"https:\/\/www.jumparati.com\/index.php\/wp-json\/wp\/v2\/product_cat?post=1250"},{"taxonomy":"product_tag","embeddable":true,"href":"https:\/\/www.jumparati.com\/index.php\/wp-json\/wp\/v2\/product_tag?post=1250"}],"curies":[{"name":"wp","href":"https:\/\/api.w.org\/{rel}","templated":true}]}}