{"id":1231,"date":"2024-08-08T18:47:34","date_gmt":"2024-08-08T18:47:34","guid":{"rendered":"https:\/\/www.jumparati.com\/?post_type=product&#038;p=1231"},"modified":"2026-04-26T21:50:32","modified_gmt":"2026-04-26T21:50:32","slug":"base-liquida-matte","status":"publish","type":"product","link":"https:\/\/www.jumparati.com\/index.php\/producto\/base-liquida-matte\/","title":{"rendered":"Base L\u00edquida Matte de Dolce Bella"},"content":{"rendered":"<div class=\"Jv7Aj mArmR pZp3x\">La base l\u00edquida matte de DOLCE BELLA \u00a0te da alta cobertura todo el d\u00eda, su f\u00f3rmula de larga duraci\u00f3n cubre las imperfecciones y unifica el tono proporcionando un acabado sin brillos y sin efecto m\u00e1scara. Para mejores resultados apl\u00edcate unas gotas en la yema de los dedos y extiendo el producto\u00a0 sobre el rostro simulando que es una crema hidratante desde el centro hacia laterales y cuello; es de textura fluida, de larga duraci\u00f3n y cubre imperfecciones.<\/div>\n<div class=\"C4VMK\">\n<p>Beneficios:<\/p>\n<ul>\n<li>F\u00e1cil de difuminar<\/li>\n<li>Corrige imperfecciones y unifica el tono de tu piel<\/li>\n<li>Elimina brillo<\/li>\n<li>Ideal para pieles grasas<\/li>\n<\/ul>\n<div id=\"product-description\" data-astro-cid-hyvzkcdj=\"\">\n<p>&nbsp;<\/p>\n<p>Desp\u00eddete del brillo indeseado y da la bienvenida a un look fresco y sofisticado con nuestra Base Matte.<\/p>\n<p><strong>Caracter\u00edsticas:<\/strong><\/p>\n<p>Ideal para pieles mixtas y grasas. Perfecta para ocasiones especiales cuando necesitas mayor cobertura y larga duraci\u00f3n. Disponible en ocho tonos diferentes con subtonos amarillos y rosados.<\/p>\n<\/div>\n<div class=\"metadata\" data-astro-cid-hyvzkcdj=\"\">\n<div class=\"quote self-love\" data-astro-cid-hyvzkcdj=\"\">\n<p data-astro-cid-hyvzkcdj=\"\">Su acabado matte har\u00e1 que te enamores de ella al instante.<\/p>\n<\/div>\n<div class=\"quote usage\" data-astro-cid-hyvzkcdj=\"\">\n<h4 data-astro-cid-hyvzkcdj=\"\">Uso<\/h4>\n<p data-astro-cid-hyvzkcdj=\"\">Aplica con peque\u00f1os toques con la ayuda de tus dedos, brocha o beauty blender hasta lograr el acabado deseado.<\/p>\n<\/div>\n<\/div>\n<\/div>\n","protected":false},"excerpt":{"rendered":"<p>Base l\u00edquida matte DOLCE BELLA de alta cobertura de larga duraci\u00f3n, cubre imperfecciones y unifica el tono, proporcionando un acabado sin brillos y sin efecto m\u00e1scara. Disponible en 7 tonos.<\/p>\n","protected":false},"featured_media":1233,"comment_status":"open","ping_status":"closed","template":"","meta":[],"product_brand":[67],"product_cat":[47],"product_tag":[59,53,54,55,56,57,58],"class_list":{"0":"post-1231","1":"product","2":"type-product","3":"status-publish","4":"has-post-thumbnail","6":"product_brand-dolce-bella","7":"product_cat-bases-maquillaje","8":"product_tag-alta-cobertura","9":"product_tag-base","10":"product_tag-base-liquida","11":"product_tag-dolce-bella","12":"product_tag-jum-para-ti","13":"product_tag-makeup","14":"product_tag-maquillaje","16":"first","17":"instock","18":"shipping-taxable","19":"purchasable","20":"product-type-simple"},"_links":{"self":[{"href":"https:\/\/www.jumparati.com\/index.php\/wp-json\/wp\/v2\/product\/1231","targetHints":{"allow":["GET"]}}],"collection":[{"href":"https:\/\/www.jumparati.com\/index.php\/wp-json\/wp\/v2\/product"}],"about":[{"href":"https:\/\/www.jumparati.com\/index.php\/wp-json\/wp\/v2\/types\/product"}],"replies":[{"embeddable":true,"href":"https:\/\/www.jumparati.com\/index.php\/wp-json\/wp\/v2\/comments?post=1231"}],"wp:featuredmedia":[{"embeddable":true,"href":"https:\/\/www.jumparati.com\/index.php\/wp-json\/wp\/v2\/media\/1233"}],"wp:attachment":[{"href":"https:\/\/www.jumparati.com\/index.php\/wp-json\/wp\/v2\/media?parent=1231"}],"wp:term":[{"taxonomy":"product_brand","embeddable":true,"href":"https:\/\/www.jumparati.com\/index.php\/wp-json\/wp\/v2\/product_brand?post=1231"},{"taxonomy":"product_cat","embeddable":true,"href":"https:\/\/www.jumparati.com\/index.php\/wp-json\/wp\/v2\/product_cat?post=1231"},{"taxonomy":"product_tag","embeddable":true,"href":"https:\/\/www.jumparati.com\/index.php\/wp-json\/wp\/v2\/product_tag?post=1231"}],"curies":[{"name":"wp","href":"https:\/\/api.w.org\/{rel}","templated":true}]}}